{"id":2109,"date":"2022-02-23T11:26:24","date_gmt":"2022-02-23T10:26:24","guid":{"rendered":"https:\/\/scepter.practicom.website\/?page_id=2109"},"modified":"2022-03-03T08:00:15","modified_gmt":"2022-03-03T07:00:15","slug":"klient","status":"publish","type":"page","link":"https:\/\/scepter-bv.nl\/pl\/klient\/","title":{"rendered":"Klient"},"content":{"rendered":"[vc_row type=&#8221;in_container&#8221; full_screen_row_position=&#8221;middle&#8221; column_margin=&#8221;default&#8221; column_direction=&#8221;default&#8221; column_direction_tablet=&#8221;default&#8221; column_direction_phone=&#8221;default&#8221; scene_position=&#8221;center&#8221; text_color=&#8221;dark&#8221; text_align=&#8221;left&#8221; row_border_radius=&#8221;none&#8221; row_border_radius_applies=&#8221;bg&#8221; overlay_strength=&#8221;0.3&#8243; gradient_direction=&#8221;left_to_right&#8221; shape_divider_position=&#8221;bottom&#8221; bg_image_animation=&#8221;none&#8221;][vc_column column_padding=&#8221;no-extra-padding&#8221; column_padding_tablet=&#8221;inherit&#8221; column_padding_phone=&#8221;inherit&#8221; column_padding_position=&#8221;all&#8221; column_element_spacing=&#8221;default&#8221; background_color_opacity=&#8221;1&#8243; background_hover_color_opacity=&#8221;1&#8243; column_shadow=&#8221;none&#8221; column_border_radius=&#8221;none&#8221; column_link_target=&#8221;_self&#8221; gradient_direction=&#8221;left_to_right&#8221; overlay_strength=&#8221;0.3&#8243; width=&#8221;1\/1&#8243; tablet_width_inherit=&#8221;default&#8221; tablet_text_alignment=&#8221;default&#8221; phone_text_alignment=&#8221;default&#8221; bg_image_animation=&#8221;none&#8221; border_type=&#8221;simple&#8221; column_border_width=&#8221;none&#8221; column_border_style=&#8221;solid&#8221;]<style type=\"text\/css\">@media only screen and (min-width: 1300px) { #nectar-slider-instance-1, #nectar-slider-instance-1 .swiper-container { height: 400px; }  } @media only screen and (max-width: 1299px) { #nectar-slider-instance-1, #nectar-slider-instance-1 .swiper-container { height: 333.33333333333px; }  } @media only screen and (max-width: 1000px) { #nectar-slider-instance-1, #nectar-slider-instance-1 .swiper-container { height: 285.71428571429px; }  } @media only screen and (max-width: 690px) { #nectar-slider-instance-1, #nectar-slider-instance-1 .swiper-container { height: 148.14814814815px; }  } <\/style><div data-midnight=\"nectar-slider\" class=\"parallax_slider_outer \"><div  data-transition=\"slide\" data-overall_style=\"classic\" data-flexible-height=\"\" data-animate-in-effect=\"none\" data-fullscreen=\"false\" data-button-sizing=\"regular\" data-button-styling=\"btn_with_count\" data-autorotate=\"\" data-parallax=\"true\" data-parallax-disable-mobile=\"\" data-caption-trans=\"fade_in_from_bottom\" data-parallax-style=\"bg_only\" data-bg-animation=\"none\" data-full-width=\"true\" class=\"nectar-slider-wrap \" id=\"nectar-slider-instance-1\"><div class=\"swiper-container\"  data-tho=\"auto\" data-tco=\"auto\" data-pho=\"auto\" data-pco=\"auto\" data-loop=\"false\" data-height=\"400\" data-min-height=\"\" data-arrows=\"false\" data-bullets=\"false\" data-bullet_style=\"see_through\" data-bullet_position=\"bottom\" data-desktop-swipe=\"true\" data-settings=\"\"> <div class=\"swiper-wrapper\"><div class=\"swiper-slide\" data-desktop-content-width=\"auto\" data-tablet-content-width=\"auto\" data-bg-alignment=\"center\" data-color-scheme=\"light\" data-x-pos=\"left\" data-y-pos=\"middle\" ><div class=\"slide-bg-wrap\"><div class=\"image-bg\" style=\"background-image: url(https:\/\/scepter-bv.nl\/wp-content\/uploads\/001.jpeg);\"> &nbsp; <\/div><div class=\"slide-bg-overlay\" style=\"background-color: #134e9d;\"> &nbsp; <\/div><\/div><div class=\"container\">\n\t\t\t\t\t\t<div class=\"content\"><h2 class=\"ns-heading-el\">Szukasz pracownik\u00f3w?<\/h2><p  ><span>Poszukujesz (tymczasowych) pracownik\u00f3w do sprz\u0105tania, produkcji i logistyki. Tak w\u0142a\u015bnie robimy to w firmie Scepter.\r\n<\/span><\/p><\/div>\n\t\t\t\t\t\t\t\t<\/div><!--\/container--><a href=\"#\" class=\"slider-down-arrow\"><i class=\"icon-salient-down-arrow icon-default-style\"> <span class=\"ie-fix\"><\/span> <\/i><\/a><div class=\"video-texture \"> <span class=\"ie-fix\"><\/span> <\/div><\/div> <!--\/swiper-slide--><\/div><div class=\"nectar-slider-loading \"> <span class=\"loading-icon none\">   <\/span> <\/div> <\/div> \n\t\t\t\t\t\n\t\t\t\t\t<\/div><\/div>[\/vc_column][\/vc_row][vc_row type=&#8221;full_width_background&#8221; full_screen_row_position=&#8221;middle&#8221; column_margin=&#8221;default&#8221; column_direction=&#8221;default&#8221; column_direction_tablet=&#8221;default&#8221; column_direction_phone=&#8221;default&#8221; bg_image=&#8221;1318&#8243; bg_position=&#8221;right bottom&#8221; background_image_loading=&#8221;lazy-load&#8221; bg_repeat=&#8221;no-repeat&#8221; scene_position=&#8221;center&#8221; top_padding=&#8221;60&#8243; bottom_padding=&#8221;60&#8243; text_color=&#8221;dark&#8221; text_align=&#8221;left&#8221; row_border_radius=&#8221;none&#8221; row_border_radius_applies=&#8221;bg&#8221; id=&#8221;stappen&#8221; overlay_strength=&#8221;0.3&#8243; gradient_direction=&#8221;left_to_right&#8221; shape_divider_position=&#8221;bottom&#8221; bg_image_animation=&#8221;none&#8221; shape_type=&#8221;&#8221;][vc_column column_padding=&#8221;no-extra-padding&#8221; column_padding_tablet=&#8221;inherit&#8221; column_padding_phone=&#8221;inherit&#8221; column_padding_position=&#8221;all&#8221; column_element_spacing=&#8221;default&#8221; background_color_opacity=&#8221;1&#8243; background_hover_color_opacity=&#8221;1&#8243; column_shadow=&#8221;none&#8221; column_border_radius=&#8221;none&#8221; column_link_target=&#8221;_self&#8221; gradient_direction=&#8221;left_to_right&#8221; overlay_strength=&#8221;0.3&#8243; width=&#8221;1\/1&#8243; tablet_width_inherit=&#8221;default&#8221; tablet_text_alignment=&#8221;default&#8221; phone_text_alignment=&#8221;default&#8221; bg_image_animation=&#8221;none&#8221; border_type=&#8221;simple&#8221; column_border_width=&#8221;none&#8221; column_border_style=&#8221;solid&#8221;][vc_row_inner column_margin=&#8221;default&#8221; column_direction=&#8221;default&#8221; column_direction_tablet=&#8221;default&#8221; column_direction_phone=&#8221;default&#8221; text_align=&#8221;left&#8221;][vc_column_inner column_padding=&#8221;no-extra-padding&#8221; column_padding_tablet=&#8221;inherit&#8221; column_padding_phone=&#8221;inherit&#8221; column_padding_position=&#8221;all&#8221; column_element_spacing=&#8221;default&#8221; background_color_opacity=&#8221;1&#8243; background_hover_color_opacity=&#8221;1&#8243; column_shadow=&#8221;none&#8221; column_border_radius=&#8221;none&#8221; column_link_target=&#8221;_self&#8221; gradient_direction=&#8221;left_to_right&#8221; overlay_strength=&#8221;0.3&#8243; width=&#8221;1\/1&#8243; tablet_width_inherit=&#8221;default&#8221; bg_image_animation=&#8221;none&#8221; border_type=&#8221;simple&#8221; column_border_width=&#8221;none&#8221; column_border_style=&#8221;solid&#8221;][vc_column_text]\n<h2><strong>Krok 1: W ci\u0105gu godziny pierwszy kontakt.<\/strong><\/h2>\n<p>Dzwonisz, wysy\u0142asz e-mail lub sms-a. Odpowiadamy natychmiast. W ci\u0105gu godziny skontaktujesz si\u0119 z jednym z naszych pracownik\u00f3w aby\u015bmy mogli pozna\u0107 Twoje pytanie lub problem.[\/vc_column_text][\/vc_column_inner][\/vc_row_inner][vc_row_inner column_margin=&#8221;default&#8221; column_direction=&#8221;default&#8221; column_direction_tablet=&#8221;default&#8221; column_direction_phone=&#8221;default&#8221; text_align=&#8221;left&#8221;][vc_column_inner column_padding=&#8221;no-extra-padding&#8221; column_padding_tablet=&#8221;inherit&#8221; column_padding_phone=&#8221;inherit&#8221; column_padding_position=&#8221;all&#8221; column_element_spacing=&#8221;default&#8221; background_color_opacity=&#8221;1&#8243; background_hover_color_opacity=&#8221;1&#8243; column_shadow=&#8221;none&#8221; column_border_radius=&#8221;none&#8221; column_link_target=&#8221;_self&#8221; gradient_direction=&#8221;left_to_right&#8221; overlay_strength=&#8221;0.3&#8243; width=&#8221;1\/1&#8243; tablet_width_inherit=&#8221;default&#8221; bg_image_animation=&#8221;none&#8221; border_type=&#8221;simple&#8221; column_border_width=&#8221;none&#8221; column_border_style=&#8221;solid&#8221;][vc_column_text]\n<h2><strong>Krok 2: Szukanie odpowiedniego kandydata.<\/strong><\/h2>\n<p>Szukamy dopasowania w naszej du\u017cej sieci pracownik\u00f3w tymczasowych. Nawet je\u015bli nie mamy natychmiastowego rozwi\u0105zania, udzielimy odpowiedniej odpowiedzi. Lub odsy\u0142amy Ci\u0119 do innej strony. Ze Scepter zawsze idziesz do przodu![\/vc_column_text][\/vc_column_inner][\/vc_row_inner][vc_row_inner column_margin=&#8221;default&#8221; column_direction=&#8221;default&#8221; column_direction_tablet=&#8221;default&#8221; column_direction_phone=&#8221;default&#8221; text_align=&#8221;left&#8221;][vc_column_inner column_padding=&#8221;no-extra-padding&#8221; column_padding_tablet=&#8221;inherit&#8221; column_padding_phone=&#8221;inherit&#8221; column_padding_position=&#8221;all&#8221; column_element_spacing=&#8221;default&#8221; background_color_opacity=&#8221;1&#8243; background_hover_color_opacity=&#8221;1&#8243; column_shadow=&#8221;none&#8221; column_border_radius=&#8221;none&#8221; column_link_target=&#8221;_self&#8221; gradient_direction=&#8221;left_to_right&#8221; overlay_strength=&#8221;0.3&#8243; width=&#8221;1\/1&#8243; tablet_width_inherit=&#8221;default&#8221; bg_image_animation=&#8221;none&#8221; border_type=&#8221;simple&#8221; column_border_width=&#8221;none&#8221; column_border_style=&#8221;solid&#8221;][vc_column_text]\n<h2><strong>Krok 3: Poznajesz nowych pracownik\u00f3w.<\/strong><\/h2>\n<p>Odpowiedni kandydat odwiedzi Twoj\u0105 lokalizacj\u0119 wraz z pracownikiem Scepter. Jest to czas na wzajemne poznanie si\u0119 i porozmawianie o wzajemnych oczekiwaniach. Cel? Przejrzysto\u015b\u0107 w po\u0142\u0105czeniu z osobistym podej\u015bciem. [\/vc_column_text][\/vc_column_inner][\/vc_row_inner][vc_row_inner column_margin=&#8221;default&#8221; column_direction=&#8221;default&#8221; column_direction_tablet=&#8221;default&#8221; column_direction_phone=&#8221;default&#8221; text_align=&#8221;left&#8221;][vc_column_inner column_padding=&#8221;no-extra-padding&#8221; column_padding_tablet=&#8221;inherit&#8221; column_padding_phone=&#8221;inherit&#8221; column_padding_position=&#8221;all&#8221; column_element_spacing=&#8221;default&#8221; background_color_opacity=&#8221;1&#8243; background_hover_color_opacity=&#8221;1&#8243; column_shadow=&#8221;none&#8221; column_border_radius=&#8221;none&#8221; column_link_target=&#8221;_self&#8221; gradient_direction=&#8221;left_to_right&#8221; overlay_strength=&#8221;0.3&#8243; width=&#8221;1\/1&#8243; tablet_width_inherit=&#8221;default&#8221; bg_image_animation=&#8221;none&#8221; border_type=&#8221;simple&#8221; column_border_width=&#8221;none&#8221; column_border_style=&#8221;solid&#8221;][vc_column_text]\n<h2>Krok 4: Kwestie kontraktowe i regulacyjne.<\/h2>\n<p>Umowa i zwi\u0105zane z ni\u0105 dokumenty? Aran\u017cujemy to! Oszcz\u0119dza to du\u017co pracy, a pracownicy tymczasowi mog\u0105 znale\u017a\u0107 wszystkie informacje w dobrze zorganizowanej aplikacji. Aby\u015b nie mia\u0142 \u017cadnych pyta\u0144 na ten temat.[\/vc_column_text][\/vc_column_inner][\/vc_row_inner][vc_row_inner column_margin=&#8221;default&#8221; column_direction=&#8221;default&#8221; column_direction_tablet=&#8221;default&#8221; column_direction_phone=&#8221;default&#8221; text_align=&#8221;left&#8221;][vc_column_inner column_padding=&#8221;no-extra-padding&#8221; column_padding_tablet=&#8221;inherit&#8221; column_padding_phone=&#8221;inherit&#8221; column_padding_position=&#8221;all&#8221; column_element_spacing=&#8221;default&#8221; background_color_opacity=&#8221;1&#8243; background_hover_color_opacity=&#8221;1&#8243; column_shadow=&#8221;none&#8221; column_border_radius=&#8221;none&#8221; column_link_target=&#8221;_self&#8221; gradient_direction=&#8221;left_to_right&#8221; overlay_strength=&#8221;0.3&#8243; width=&#8221;1\/1&#8243; tablet_width_inherit=&#8221;default&#8221; bg_image_animation=&#8221;none&#8221; border_type=&#8221;simple&#8221; column_border_width=&#8221;none&#8221; column_border_style=&#8221;solid&#8221;][vc_column_text]\n<h2><strong>Krok 5: Start nowych pracownik\u00f3w.<\/strong><\/h2>\n<p>Twoi nowi pracownicy b\u0119d\u0105 na wyci\u0105gni\u0119cie r\u0119ki w mgnieniu oka. Prowadzimy ich podczas pierwszego dnia pracy i chcieliby\u015bmy us\u0142ysze\u0107 Twoje pierwsze wra\u017cenie. Jest to potrzebne by\u015bmy mogli dzia\u0142a\u0107 szybko, je\u015bli mimo wszystkich naszych wysi\u0142k\u00f3w nadal nie ma dopasowania.[\/vc_column_text][\/vc_column_inner][\/vc_row_inner][vc_row_inner column_margin=&#8221;default&#8221; column_direction=&#8221;default&#8221; column_direction_tablet=&#8221;default&#8221; column_direction_phone=&#8221;default&#8221; text_align=&#8221;left&#8221;][vc_column_inner column_padding=&#8221;no-extra-padding&#8221; column_padding_tablet=&#8221;inherit&#8221; column_padding_phone=&#8221;inherit&#8221; column_padding_position=&#8221;all&#8221; column_element_spacing=&#8221;default&#8221; background_color_opacity=&#8221;1&#8243; background_hover_color_opacity=&#8221;1&#8243; column_shadow=&#8221;none&#8221; column_border_radius=&#8221;none&#8221; column_link_target=&#8221;_self&#8221; gradient_direction=&#8221;left_to_right&#8221; overlay_strength=&#8221;0.3&#8243; width=&#8221;1\/1&#8243; tablet_width_inherit=&#8221;default&#8221; bg_image_animation=&#8221;none&#8221; border_type=&#8221;simple&#8221; column_border_width=&#8221;none&#8221; column_border_style=&#8221;solid&#8221;][vc_column_text]\n<h2><strong>Krok 6: Pozostajemy w kontakcie.<\/strong><\/h2>\n<p>Jeste\u015b zadowolony ze swojego nowego pracownika. Ale to nie znaczy, \u017ce nasza praca si\u0119 sko\u0144czy\u0142a. Zawsze mo\u017cesz skontaktowa\u0107 si\u0119 z nami, aby koordynowa\u0107 sprawy zwi\u0105zane z chorymi pracownikami tymczasowymi, urlopami, wynagrodzeniem lub czymkolwiek. Oczywi\u015bcie regularnie dzwonimy, aby zapyta\u0107, jak si\u0119 sprawy maj\u0105. Bo praca ze Scepter to kr\u00f3tkie kolejki i osobisty kontakt. Logiczne, prawda? [\/vc_column_text][\/vc_column_inner][\/vc_row_inner][\/vc_column][\/vc_row]\n","protected":false},"excerpt":{"rendered":"<a href=\"https:\/\/scepter-bv.nl\/pl\/nectar_slider\/automatische-concepten-3\/\"><\/a>","protected":false},"author":1,"featured_media":0,"parent":0,"menu_order":0,"comment_status":"closed","ping_status":"closed","template":"","meta":{"footnotes":""},"class_list":["post-2109","page","type-page","status-publish"],"yoast_head":"<!-- This site is optimized with the Yoast SEO plugin v27.6 - https:\/\/yoast.com\/product\/yoast-seo-wordpress\/ -->\n<title>Klient - Scepter Arbeidsbemiddeling &amp; Advies<\/title>\n<meta name=\"robots\" content=\"index, follow, max-snippet:-1, max-image-preview:large, max-video-preview:-1\" \/>\n<link rel=\"canonical\" href=\"https:\/\/scepter-bv.nl\/pl\/klient\/\" \/>\n<meta property=\"og:locale\" content=\"pl_PL\" \/>\n<meta property=\"og:type\" content=\"article\" \/>\n<meta property=\"og:title\" content=\"Klient - Scepter Arbeidsbemiddeling &amp; Advies\" \/>\n<meta property=\"og:url\" content=\"https:\/\/scepter-bv.nl\/pl\/klient\/\" \/>\n<meta property=\"og:site_name\" content=\"Scepter Arbeidsbemiddeling &amp; Advies\" \/>\n<meta property=\"article:modified_time\" content=\"2022-03-03T07:00:15+00:00\" \/>\n<meta name=\"twitter:card\" content=\"summary_large_image\" \/>\n<meta name=\"twitter:label1\" content=\"Szacowany czas czytania\" \/>\n\t<meta name=\"twitter:data1\" content=\"3 minuty\" \/>\n<script type=\"application\/ld+json\" class=\"yoast-schema-graph\">{\"@context\":\"https:\\\/\\\/schema.org\",\"@graph\":[{\"@type\":\"WebPage\",\"@id\":\"https:\\\/\\\/scepter-bv.nl\\\/pl\\\/klient\\\/\",\"url\":\"https:\\\/\\\/scepter-bv.nl\\\/pl\\\/klient\\\/\",\"name\":\"Klient - Scepter Arbeidsbemiddeling &amp; Advies\",\"isPartOf\":{\"@id\":\"https:\\\/\\\/scepter-bv.nl\\\/pl\\\/#website\"},\"datePublished\":\"2022-02-23T10:26:24+00:00\",\"dateModified\":\"2022-03-03T07:00:15+00:00\",\"breadcrumb\":{\"@id\":\"https:\\\/\\\/scepter-bv.nl\\\/pl\\\/klient\\\/#breadcrumb\"},\"inLanguage\":\"pl-PL\",\"potentialAction\":[{\"@type\":\"ReadAction\",\"target\":[\"https:\\\/\\\/scepter-bv.nl\\\/pl\\\/klient\\\/\"]}]},{\"@type\":\"BreadcrumbList\",\"@id\":\"https:\\\/\\\/scepter-bv.nl\\\/pl\\\/klient\\\/#breadcrumb\",\"itemListElement\":[{\"@type\":\"ListItem\",\"position\":1,\"name\":\"Home\",\"item\":\"https:\\\/\\\/scepter-bv.nl\\\/pl\\\/homepage\\\/\"},{\"@type\":\"ListItem\",\"position\":2,\"name\":\"Klient\"}]},{\"@type\":\"WebSite\",\"@id\":\"https:\\\/\\\/scepter-bv.nl\\\/pl\\\/#website\",\"url\":\"https:\\\/\\\/scepter-bv.nl\\\/pl\\\/\",\"name\":\"Scepter Arbeidsbemiddeling &amp; Advies\",\"description\":\"\",\"potentialAction\":[{\"@type\":\"SearchAction\",\"target\":{\"@type\":\"EntryPoint\",\"urlTemplate\":\"https:\\\/\\\/scepter-bv.nl\\\/pl\\\/?s={search_term_string}\"},\"query-input\":{\"@type\":\"PropertyValueSpecification\",\"valueRequired\":true,\"valueName\":\"search_term_string\"}}],\"inLanguage\":\"pl-PL\"}]}<\/script>\n<!-- \/ Yoast SEO plugin. -->","yoast_head_json":{"title":"Klient - Scepter Arbeidsbemiddeling &amp; Advies","robots":{"index":"index","follow":"follow","max-snippet":"max-snippet:-1","max-image-preview":"max-image-preview:large","max-video-preview":"max-video-preview:-1"},"canonical":"https:\/\/scepter-bv.nl\/pl\/klient\/","og_locale":"pl_PL","og_type":"article","og_title":"Klient - Scepter Arbeidsbemiddeling &amp; Advies","og_url":"https:\/\/scepter-bv.nl\/pl\/klient\/","og_site_name":"Scepter Arbeidsbemiddeling &amp; Advies","article_modified_time":"2022-03-03T07:00:15+00:00","twitter_card":"summary_large_image","twitter_misc":{"Szacowany czas czytania":"3 minuty"},"schema":{"@context":"https:\/\/schema.org","@graph":[{"@type":"WebPage","@id":"https:\/\/scepter-bv.nl\/pl\/klient\/","url":"https:\/\/scepter-bv.nl\/pl\/klient\/","name":"Klient - Scepter Arbeidsbemiddeling &amp; Advies","isPartOf":{"@id":"https:\/\/scepter-bv.nl\/pl\/#website"},"datePublished":"2022-02-23T10:26:24+00:00","dateModified":"2022-03-03T07:00:15+00:00","breadcrumb":{"@id":"https:\/\/scepter-bv.nl\/pl\/klient\/#breadcrumb"},"inLanguage":"pl-PL","potentialAction":[{"@type":"ReadAction","target":["https:\/\/scepter-bv.nl\/pl\/klient\/"]}]},{"@type":"BreadcrumbList","@id":"https:\/\/scepter-bv.nl\/pl\/klient\/#breadcrumb","itemListElement":[{"@type":"ListItem","position":1,"name":"Home","item":"https:\/\/scepter-bv.nl\/pl\/homepage\/"},{"@type":"ListItem","position":2,"name":"Klient"}]},{"@type":"WebSite","@id":"https:\/\/scepter-bv.nl\/pl\/#website","url":"https:\/\/scepter-bv.nl\/pl\/","name":"Scepter Arbeidsbemiddeling &amp; Advies","description":"","potentialAction":[{"@type":"SearchAction","target":{"@type":"EntryPoint","urlTemplate":"https:\/\/scepter-bv.nl\/pl\/?s={search_term_string}"},"query-input":{"@type":"PropertyValueSpecification","valueRequired":true,"valueName":"search_term_string"}}],"inLanguage":"pl-PL"}]}},"_links":{"self":[{"href":"https:\/\/scepter-bv.nl\/pl\/wp-json\/wp\/v2\/pages\/2109","targetHints":{"allow":["GET"]}}],"collection":[{"href":"https:\/\/scepter-bv.nl\/pl\/wp-json\/wp\/v2\/pages"}],"about":[{"href":"https:\/\/scepter-bv.nl\/pl\/wp-json\/wp\/v2\/types\/page"}],"author":[{"embeddable":true,"href":"https:\/\/scepter-bv.nl\/pl\/wp-json\/wp\/v2\/users\/1"}],"replies":[{"embeddable":true,"href":"https:\/\/scepter-bv.nl\/pl\/wp-json\/wp\/v2\/comments?post=2109"}],"version-history":[{"count":4,"href":"https:\/\/scepter-bv.nl\/pl\/wp-json\/wp\/v2\/pages\/2109\/revisions"}],"predecessor-version":[{"id":2250,"href":"https:\/\/scepter-bv.nl\/pl\/wp-json\/wp\/v2\/pages\/2109\/revisions\/2250"}],"wp:attachment":[{"href":"https:\/\/scepter-bv.nl\/pl\/wp-json\/wp\/v2\/media?parent=2109"}],"curies":[{"name":"wp","href":"https:\/\/api.w.org\/{rel}","templated":true}]}}